{"id":27,"date":"2025-06-09T13:43:10","date_gmt":"2025-06-09T11:43:10","guid":{"rendered":"http:\/\/localhost\/wordpress-xampp\/wordpress\/?page_id=27"},"modified":"2025-08-21T22:03:37","modified_gmt":"2025-08-21T20:03:37","slug":"sprechzeiten","status":"publish","type":"page","link":"https:\/\/allgemeinmedizin-lindenthal.de\/wordpress\/sprechzeiten\/","title":{"rendered":"Sprechzeiten"},"content":{"rendered":"\n<hr class=\"wp-block-separator has-text-color has-alpha-channel-opacity has-background is-style-wide\" style=\"margin-top:var(--wp--preset--spacing--40);margin-bottom:var(--wp--preset--spacing--40);background-color:#f4d484;color:#f4d484\"\/>\n\n\n\n<p class=\"has-text-align-center has-larger-font-size\"><strong>\u00d6ffnungszeiten<\/strong><\/p>\n\n\n\n<figure class=\"wp-block-table is-style-stripes\" style=\"font-size:clamp(14px, 0.875rem + ((1vw - 3.2px) * 0.488), 18px);\"><table class=\"has-fixed-layout\" style=\"border-width:10px\"><thead><tr><th>MO<\/th><th class=\"has-text-align-center\" data-align=\"center\">DI<\/th><th class=\"has-text-align-center\" data-align=\"center\">MI<\/th><th>DO<\/th><th class=\"has-text-align-center\" data-align=\"center\">FR<\/th><\/tr><\/thead><tbody><tr><td>8:30-12:15<\/td><td class=\"has-text-align-center\" data-align=\"center\">8:30-12:15<\/td><td class=\"has-text-align-center\" data-align=\"center\">8:30-12:30<\/td><td>8:30-12:15<\/td><td class=\"has-text-align-center\" data-align=\"center\">8:30-12:15<\/td><\/tr><tr><td>16:00-18:00<\/td><td class=\"has-text-align-center\" data-align=\"center\">16:00-18:00<\/td><td class=\"has-text-align-center\" data-align=\"center\"><span class=\"wp-rich-text-font-awesome-icon wp-font-awesome-icon\"><svg aria-hidden=\"true\" focusable=\"false\" data-prefix=\"fas\" data-icon=\"house-lock\" class=\"svg-inline--fa fa-house-lock \" role=\"img\" xmlns=\"http:\/\/www.w3.org\/2000\/svg\" viewBox=\"0 0 640 512\"><path fill=\"currentColor\" d=\"M384 480c0 11.7 3.1 22.6 8.6 32l-.6 0c-22.1 0-40-17.9-40-40l0-24 0-64c0-17.7-14.3-32-32-32l-64 0c-17.7 0-32 14.3-32 32l0 64 0 24c0 22.1-17.9 40-40 40l-24 0-31.9 0c-1.5 0-3-.1-4.5-.2c-1.2 .1-2.4 .2-3.6 .2l-16 0c-22.1 0-40-17.9-40-40l0-112c0-.9 0-1.9 .1-2.8l0-69.7-32 0c-18 0-32-14-32-32.1c0-9 3-17 10-24L266.4 8c7-7 15-8 22-8s15 2 21 7L490.7 166.3C447.2 181.7 416 223.2 416 272l0 24.6c-19.1 11.1-32 31.7-32 55.4l0 128zM528 240c-17.7 0-32 14.3-32 32l0 48 64 0 0-48c0-17.7-14.3-32-32-32zm-80 32c0-44.2 35.8-80 80-80s80 35.8 80 80l0 48c17.7 0 32 14.3 32 32l0 128c0 17.7-14.3 32-32 32l-160 0c-17.7 0-32-14.3-32-32l0-128c0-17.7 14.3-32 32-32l0-48z\"><\/path><\/svg><\/span><\/td><td>16:00-18:00<\/td><td class=\"has-text-align-center\" data-align=\"center\"><span class=\"wp-rich-text-font-awesome-icon wp-font-awesome-icon\"><svg aria-hidden=\"true\" focusable=\"false\" data-prefix=\"fas\" data-icon=\"house-lock\" class=\"svg-inline--fa fa-house-lock \" role=\"img\" xmlns=\"http:\/\/www.w3.org\/2000\/svg\" viewBox=\"0 0 640 512\"><path fill=\"currentColor\" d=\"M384 480c0 11.7 3.1 22.6 8.6 32l-.6 0c-22.1 0-40-17.9-40-40l0-24 0-64c0-17.7-14.3-32-32-32l-64 0c-17.7 0-32 14.3-32 32l0 64 0 24c0 22.1-17.9 40-40 40l-24 0-31.9 0c-1.5 0-3-.1-4.5-.2c-1.2 .1-2.4 .2-3.6 .2l-16 0c-22.1 0-40-17.9-40-40l0-112c0-.9 0-1.9 .1-2.8l0-69.7-32 0c-18 0-32-14-32-32.1c0-9 3-17 10-24L266.4 8c7-7 15-8 22-8s15 2 21 7L490.7 166.3C447.2 181.7 416 223.2 416 272l0 24.6c-19.1 11.1-32 31.7-32 55.4l0 128zM528 240c-17.7 0-32 14.3-32 32l0 48 64 0 0-48c0-17.7-14.3-32-32-32zm-80 32c0-44.2 35.8-80 80-80s80 35.8 80 80l0 48c17.7 0 32 14.3 32 32l0 128c0 17.7-14.3 32-32 32l-160 0c-17.7 0-32-14.3-32-32l0-128c0-17.7 14.3-32 32-32l0-48z\"><\/path><\/svg><\/span><\/td><\/tr><\/tbody><\/table><figcaption class=\"wp-element-caption\" style=\"font-size: 16px;\"><strong>Telefonsprechstunde t\u00e4glich 12:30-13:30<\/strong><\/figcaption><\/figure>\n\n\n\n<p><br><strong>Um Wartezeiten zu vermeiden, bitten wir Sie um vorherige Terminabsprache.<\/strong><br><br><strong>Haus\u00e4rztlicher Notdienst<\/strong><br><span class=\"wp-rich-text-font-awesome-icon wp-font-awesome-icon\"><svg aria-hidden=\"true\" focusable=\"false\" data-prefix=\"fas\" data-icon=\"phone\" class=\"svg-inline--fa fa-phone \" role=\"img\" xmlns=\"http:\/\/www.w3.org\/2000\/svg\" viewBox=\"0 0 512 512\"><path fill=\"currentColor\" d=\"M164.9 24.6c-7.7-18.6-28-28.5-47.4-23.2l-88 24C12.1 30.2 0 46 0 64C0 311.4 200.6 512 448 512c18 0 33.8-12.1 38.6-29.5l24-88c5.3-19.4-4.6-39.7-23.2-47.4l-96-40c-16.3-6.8-35.2-2.1-46.3 11.6L304.7 368C234.3 334.7 177.3 277.7 144 207.3L193.3 167c13.7-11.2 18.4-30 11.6-46.3l-40-96z\"><\/path><\/svg><\/span> <a href=\"tel:116117\">116 117<\/a><br>au\u00dferhalb der Praxis\u00f6ffnungszeiten sowie an Wochenenden und Feiertagen&nbsp;<\/p>\n","protected":false},"excerpt":{"rendered":"<p>\u00d6ffnungszeiten MO DI MI DO FR 8:30-12:15 8:30-12:15 8:30-12:30 8:30-12:15 8:30-12:15 16:00-18:00 16:00-18:00 16:00-18:00 Telefonsprechstunde t\u00e4glich 12:30-13:30 Um Wartezeiten zu vermeiden, bitten wir Sie um vorherige Terminabsprache. Haus\u00e4rztlicher Notdienst 116 117au\u00dferhalb der Praxis\u00f6ffnungszeiten sowie an Wochenenden und Feiertagen&nbsp;<\/p>\n","protected":false},"author":1,"featured_media":0,"parent":0,"menu_order":0,"comment_status":"closed","ping_status":"closed","template":"","meta":{"inline_featured_image":false,"_themeisle_gutenberg_block_has_review":false,"footnotes":""},"class_list":["post-27","page","type-page","status-publish","hentry"],"_links":{"self":[{"href":"https:\/\/allgemeinmedizin-lindenthal.de\/wordpress\/wp-json\/wp\/v2\/pages\/27","targetHints":{"allow":["GET"]}}],"collection":[{"href":"https:\/\/allgemeinmedizin-lindenthal.de\/wordpress\/wp-json\/wp\/v2\/pages"}],"about":[{"href":"https:\/\/allgemeinmedizin-lindenthal.de\/wordpress\/wp-json\/wp\/v2\/types\/page"}],"author":[{"embeddable":true,"href":"https:\/\/allgemeinmedizin-lindenthal.de\/wordpress\/wp-json\/wp\/v2\/users\/1"}],"replies":[{"embeddable":true,"href":"https:\/\/allgemeinmedizin-lindenthal.de\/wordpress\/wp-json\/wp\/v2\/comments?post=27"}],"version-history":[{"count":8,"href":"https:\/\/allgemeinmedizin-lindenthal.de\/wordpress\/wp-json\/wp\/v2\/pages\/27\/revisions"}],"predecessor-version":[{"id":287,"href":"https:\/\/allgemeinmedizin-lindenthal.de\/wordpress\/wp-json\/wp\/v2\/pages\/27\/revisions\/287"}],"wp:attachment":[{"href":"https:\/\/allgemeinmedizin-lindenthal.de\/wordpress\/wp-json\/wp\/v2\/media?parent=27"}],"curies":[{"name":"wp","href":"https:\/\/api.w.org\/{rel}","templated":true}]}}