{"id":185,"date":"2025-06-16T19:01:29","date_gmt":"2025-06-16T17:01:29","guid":{"rendered":"http:\/\/localhost\/wordpress-xampp\/wordpress\/?page_id=185"},"modified":"2025-06-16T19:01:29","modified_gmt":"2025-06-16T17:01:29","slug":"datenschutzerklaerung-2","status":"publish","type":"page","link":"https:\/\/allgemeinmedizin-lindenthal.de\/wordpress\/datenschutzerklaerung-2\/","title":{"rendered":"Datenschutzerkl\u00e4rung"},"content":{"rendered":"\n<hr class=\"wp-block-separator has-text-color has-custom-bee-pollen-color has-alpha-channel-opacity has-custom-bee-pollen-background-color has-background is-style-wide\"\/>\n\n\n\n<p><strong>Datenschutzerkl\u00e4rung:<\/strong><\/p>\n\n\n\n<p>Sehr geehrte Damen und Herren, sehr geehrte Patientinnen und Patienten,<\/p>\n\n\n\n<p>der Schutz Ihrer personenbezogenen Daten ist uns wichtig. Nach der EU\u2010Datenschutzgrundverordnung (DSGVO) und dem Bundesdatenschutzgesetz (BDSG) sind wir verpflichtet, Sie dar\u00fcber zu informieren, zu welchem Zweck auf unserer Homepage personenbezogene Daten erhoben und verwendet werden, auf welche Art dies geschieht und welchen Umfang dies hat. Dieser Information k\u00f6nnen Sie auch entnehmen, welche Rechte Sie hinsichtlich des Datenschutzes haben. Diese Datenschutzerkl\u00e4rung bezieht sich auf unser Internetangebot. Sie bezieht sich ausdr\u00fccklich nicht auf das Behandlungsverh\u00e4ltnis. Insoweit werden Sie bei Besuch der Praxis gesondert informiert.<\/p>\n\n\n\n<p><strong>1. Verantwortlich f\u00fcr die Datenverarbeitung ist<\/strong><\/p>\n\n\n\n<p>Hausarztpraxis Dr. Bettina Metz und Dr. Susanne Balzer<br>D\u00fcrener Strasse 154-158<br>50931 K\u00f6ln &nbsp;<\/p>\n\n\n\n<p>Telefon 0221 &#8211; 406 19 15<br>Fax 0221 &#8211; 406 99 62<br>info(at)allgemeinmedizin-lindenthal.de<\/p>\n\n\n\n<p>Gesch\u00e4ftsleitung<br>Dr. Bettina Metz und Dr. Susanne Balzer<br>Leiter der verantwortlichen Stelle<br>Dr. Bettina Metz und Dr. Susanne Balzer<\/p>\n\n\n\n<p><strong>2. Bereitstellung der Website und Erstellung von Protokoll\u2010oder Log\u2010Dateien<\/strong><\/p>\n\n\n\n<p>Die Seite www.allgemeinmedizin-lindenthal.de ist besuchbar, ohne Angaben zu Ihrer Person zu machen. Gleichwohl werden schon bei dem einfachen Seitenaufruf Informationen zum Zugriff (Datum, Uhrzeit, \u00fcbertragene Datenmenge, Navigationsherkunft, Browser, Betriebssystem, IP Adresse) gespeichert.<\/p>\n\n\n\n<p>Das Internetangebot wird bei Domain Factory (https:\/\/www.df.eu) gehostet. Der Hoster empf\u00e4ngt zu diesem Zweck folgende, bei jedem Zugriff auf Inhalte des Internetangebotes in sogenannten Protokoll\u2010 oder Log\u2010Dateien vor\u00fcbergehend gespeicherte Daten, die m\u00f6glicherweise eine Identifizierung zulassen. Folgende Daten werden hierbei erhoben:<\/p>\n\n\n\n<p>\u2010 Datum und Uhrzeit des Abrufs<\/p>\n\n\n\n<p>\u2010 Name des aufgerufenen Internetdienstes, der aufgerufenen Ressource und der verwendeten Aktion<\/p>\n\n\n\n<p>\u2010 Abfrage, die die Person (Client) gestellt hat<\/p>\n\n\n\n<p>\u2010 \u00fcbertragene Datenmenge<\/p>\n\n\n\n<p>\u2010 Meldung, ob der Abruf erfolgreich war<\/p>\n\n\n\n<p>\u2010 IP\u2010Adresse des aufrufenden Rechners<\/p>\n\n\n\n<p>\u2010 Clientinformationen (u.a. Browser, Betriebssystem)<\/p>\n\n\n\n<p>Rechtsgrundlage f\u00fcr die vor\u00fcbergehende Speicherung dieser Daten ist Art. 6 Abs. 1 lit. DSGVO. Die Daten aus den Protokoll\u2010 bzw. Logdateien dienen zur Sicherstellung der Funktionsf\u00e4higkeit der Website. Zudem dienen sie zur Abwehr und Analyse von Angriffen. In diesen Zwecken liegt auch unser berechtigtes Interesse an der Datenverarbeitung.&nbsp;Sobald die genannten Daten zur Anzeige der Webseite nicht mehr erforderlich sind, werden sie gel\u00f6scht. Die Erfassung der Daten zur Bereitstellung der Webseite und die Speicherung der Daten in Logfiles ist f\u00fcr den Betrieb der Internetseite zwingend erforderlich. Es besteht folglich seitens des Nutzers keine Widerspruchsm\u00f6glichkeit. Eine weitergehende Speicherung kann im Einzelfall dann erfolgen, wenn dies gesetzlich vorgeschrieben ist.<\/p>\n\n\n\n<p><strong>3. Cookies\/&nbsp;<\/strong><strong>Analyse<\/strong><\/p>\n\n\n\n<p>Als \u201eCookies\u201c werden kleine Dateien bezeichnet, die auf Rechnern der Nutzer gespeichert werden. Innerhalb der Cookies k\u00f6nnen unterschiedliche Angaben gespeichert werden. Ein Cookie dient prim\u00e4r dazu, die Angaben zu einem Nutzer (bzw. dem Ger\u00e4t auf dem das Cookie gespeichert ist) w\u00e4hrend oder auch nach seinem Besuch innerhalb eines Onlineangebotes zu speichern. Als tempor\u00e4re Cookies, bzw. \u201eSession-Cookies\u201c oder \u201etransiente Cookies\u201c, werden Cookies bezeichnet, die gel\u00f6scht werden, nachdem ein Nutzer ein Onlineangebot verl\u00e4sst und seinen Browser schlie\u00dft. In einem solchen Cookie kann z.B. der Inhalt eines Warenkorbs in einem Onlineshop oder ein Login-Staus gespeichert werden. Als \u201epermanent\u201c oder \u201epersistent\u201c werden Cookies bezeichnet, die auch nach dem Schlie\u00dfen des Browsers gespeichert bleiben. So kann z.B. der Login-Status gespeichert werden, wenn die Nutzer diese nach mehreren Tagen aufsuchen. Ebenso k\u00f6nnen in einem solchen Cookie die Interessen der Nutzer gespeichert werden, die f\u00fcr Reichweitenmessung oder Marketingzwecke verwendet werden. Als \u201eThird-Party-Cookie\u201c werden Cookies bezeichnet, die von anderen Anbietern als dem Verantwortlichen, der das Onlineangebot betreibt, angeboten werden (andernfalls, wenn es nur dessen Cookies sind spricht man von \u201eFirst-Party Cookies\u201c). Wir k\u00f6nnen tempor\u00e4re und permanente Cookies einsetzen und kl\u00e4ren hier\u00fcber im Rahmen unserer Datenschutzerkl\u00e4rung auf.<\/p>\n\n\n\n<p>Falls die Nutzer nicht m\u00f6chten, dass Cookies auf ihrem Rechner gespeichert werden, werden sie gebeten die entsprechende Option in den Systemeinstellungen ihres Browsers zu deaktivieren. Gespeicherte Cookies k\u00f6nnen in den Systemeinstellungen des Browsers gel\u00f6scht werden. Der Ausschluss von Cookies kann zu Funktionseinschr\u00e4nkungen dieses Onlineangebotes f\u00fchren.<\/p>\n\n\n\n<p>Ein genereller Widerspruch gegen den Einsatz der zu Zwecken des Onlinemarketing eingesetzten Cookies kann bei einer Vielzahl der Dienste, vor allem im Fall des Trackings, \u00fcber die US-amerikanische Seite http:\/\/www.aboutads.info\/choices\/ oder die EU-Seite http:\/\/www.youronlinechoices.com\/ erkl\u00e4rt werden. Des Weiteren kann die Speicherung von Cookies mittels deren Abschaltung in den Einstellungen des Browsers erreicht werden. Bitte beachten Sie, dass dann gegebenenfalls nicht alle Funktionen dieses Onlineangebotes genutzt werden k\u00f6nnen.<\/p>\n\n\n\n<p><strong>4. Ihre Rechte<\/strong><\/p>\n\n\n\n<p>Sie haben das Recht, \u00fcber die Sie betreffenden personenbezogenen Daten einschlie\u00dflich eventueller Empf\u00e4nger und der geplanten Speicherdauer Auskunft zu erhalten sowie erteilte Einwilligungen mit Wirkung f\u00fcr die Zukunft zu widerrufen. Auch k\u00f6nnen Sie die Berichtigung<\/p>\n\n\n\n<p>unrichtiger Daten verlangen. Sollten unrichtige personenbezogene Daten verarbeitet<\/p>\n\n\n\n<p>werden, steht Ihnen gem\u00e4\u00df Art. 16 DS\u2010GVO ein Recht auf Berichtigung zu. Liegen die gesetzlichen Voraussetzungen vor, so k\u00f6nnen Sie die L\u00f6schung oder Einschr\u00e4nkung<\/p>\n\n\n\n<p>der Verarbeitung verlangen sowie Widerspruch gegen die Verarbeitung einlegen (Art. 17, 18 und 21 DS\u2010GVO). Dar\u00fcber hinaus steht Ihnen unter bestimmten Voraussetzungen<\/p>\n\n\n\n<p>das Recht auf L\u00f6schung von Daten, das Recht auf Einschr\u00e4nkung der Datenverarbeitung sowie das Recht auf Daten\u00fcbertragbarkeit zu. Die Verarbeitung Ihrer Daten erfolgt auf Basis von gesetzlichen Regelungen. Nur in Ausnahmef\u00e4llen ben\u00f6tigen wir Ihr Einverst\u00e4ndnis. In diesen F\u00e4llen haben Sie das Recht, die Einwilligung f\u00fcr die zuk\u00fcnftige Verarbeitung zu widerrufen. Sie haben ferner das Recht, sich bei einer Datenschutzaufsichtsbeh\u00f6rde&nbsp;Ihrer Wahl zu beschweren, wenn Sie der Ansicht sind, dass die Verarbeitung Ihrer personenbezogenen Daten nicht rechtm\u00e4\u00dfig erfolgt. Hierzu geh\u00f6rt auch die f\u00fcr uns zust\u00e4ndige Aufsichtsbeh\u00f6rde in Nordrhein\u2010Westfalen, die Sie unter folgenden Kontaktdaten<\/p>\n\n\n\n<p>erreichen k\u00f6nnen:<\/p>\n\n\n\n<p>Die Landesbeauftragte f\u00fcr Datenschutz und Informationsfreiheit Nordrhein\u2010Westfalen&nbsp;(LDI NRW),<\/p>\n\n\n\n<p>Kavalleriestra\u00dfe 2\u20104, 40213 D\u00fcsseldorf, Telefon: 0211\/384240, Fax: &nbsp;0211\u20103842410, E\u2010Mail:&nbsp;poststelle@ldi.nrw.de.<\/p>\n\n\n\n<p><strong>5. Datenschutzerkl\u00e4rung Google Maps<\/strong><\/p>\n\n\n\n<p>Diese Webseite verwendet das Produkt Google Maps von Google Inc. Durch Nutzung dieser Webseite erkl\u00e4ren Sie sich mit der Erfassung, Bearbeitung sowie Nutzung der automatisiert erhobenen Daten durch Google Inc, deren Vertreter sowie Dritter einverstanden. Die Nutzungsbedingungen von Google Maps finden sie unter&nbsp;<a href=\"https:\/\/www.google.com\/intl\/de_de\/help\/terms_maps\/\" target=\"_blank\" rel=\"noreferrer noopener\">Nutzungsbedingungen von Google Maps.<\/a><\/p>\n\n\n\n<p><strong>6. \u00c4nderung unserer Datenschutzbestimmungen<\/strong><\/p>\n\n\n\n<p>Wir behalten uns vor, diese Datenschutzerkl\u00e4rung gelegentlich anzupassen, damit sie stets den aktuellen rechtlichen Anforderungen entspricht oder um \u00c4nderungen unserer Leistungen in der Datenschutzerkl\u00e4rung umzusetzen, z. B. bei der Einf\u00fchrung neuer Services. F\u00fcr Ihren erneuten Besuch gilt dann die neue Datenschutzerkl\u00e4rung.<br>Wir weisen darauf hin, dass die Daten\u00fcbertragung im Internet (z.B. bei der Kommunikation per E-Mail) Sicherheitsl\u00fccken aufweisen kann. Ein l\u00fcckenloser Schutz der Daten vor dem Zugriff durch Dritte ist nicht m\u00f6glich.<br>Der Nutzung von im Rahmen der Impressumspflicht ver\u00f6ffentlichten Kontaktdaten durch Dritte zur \u00dcbersendung von nicht ausdr\u00fccklich angeforderter Werbung und Informationsmaterialien wird hiermit ausdr\u00fccklich widersprochen. Die Betreiber der Seiten behalten sich ausdr\u00fccklich rechtliche Schritte im Falle der unverlangten Zusendung von Werbeinformationen, etwa durch Spam-Mails, vor.<\/p>\n","protected":false},"excerpt":{"rendered":"<p>Datenschutzerkl\u00e4rung: Sehr geehrte Damen und Herren, sehr geehrte Patientinnen und Patienten, der Schutz Ihrer personenbezogenen Daten ist uns wichtig. Nach der EU\u2010Datenschutzgrundverordnung (DSGVO) und dem Bundesdatenschutzgesetz (BDSG) sind wir verpflichtet, Sie dar\u00fcber zu informieren, zu welchem Zweck auf unserer Homepage personenbezogene Daten erhoben und verwendet werden, auf welche Art dies geschieht und welchen Umfang dies [&hellip;]<\/p>\n","protected":false},"author":1,"featured_media":0,"parent":0,"menu_order":0,"comment_status":"closed","ping_status":"closed","template":"","meta":{"inline_featured_image":false,"_themeisle_gutenberg_block_has_review":false,"footnotes":""},"class_list":["post-185","page","type-page","status-publish","hentry"],"_links":{"self":[{"href":"https:\/\/allgemeinmedizin-lindenthal.de\/wordpress\/wp-json\/wp\/v2\/pages\/185","targetHints":{"allow":["GET"]}}],"collection":[{"href":"https:\/\/allgemeinmedizin-lindenthal.de\/wordpress\/wp-json\/wp\/v2\/pages"}],"about":[{"href":"https:\/\/allgemeinmedizin-lindenthal.de\/wordpress\/wp-json\/wp\/v2\/types\/page"}],"author":[{"embeddable":true,"href":"https:\/\/allgemeinmedizin-lindenthal.de\/wordpress\/wp-json\/wp\/v2\/users\/1"}],"replies":[{"embeddable":true,"href":"https:\/\/allgemeinmedizin-lindenthal.de\/wordpress\/wp-json\/wp\/v2\/comments?post=185"}],"version-history":[{"count":0,"href":"https:\/\/allgemeinmedizin-lindenthal.de\/wordpress\/wp-json\/wp\/v2\/pages\/185\/revisions"}],"wp:attachment":[{"href":"https:\/\/allgemeinmedizin-lindenthal.de\/wordpress\/wp-json\/wp\/v2\/media?parent=185"}],"curies":[{"name":"wp","href":"https:\/\/api.w.org\/{rel}","templated":true}]}}