{"id":18,"date":"2025-06-09T13:24:00","date_gmt":"2025-06-09T11:24:00","guid":{"rendered":"http:\/\/localhost\/wordpress-xampp\/wordpress\/?page_id=18"},"modified":"2025-10-06T21:41:15","modified_gmt":"2025-10-06T19:41:15","slug":"kontakt","status":"publish","type":"page","link":"https:\/\/allgemeinmedizin-lindenthal.de\/wordpress\/kontakt\/","title":{"rendered":"Kontakt"},"content":{"rendered":"\n<hr class=\"wp-block-separator has-text-color has-alpha-channel-opacity has-background is-style-wide\" style=\"margin-top:var(--wp--preset--spacing--50);margin-bottom:var(--wp--preset--spacing--50);background-color:#f4d484;color:#f4d484\"\/>\n\n\n\n<p><strong>Hausarztpraxis Metz &amp; Balzer<\/strong><br><strong><em>Fach\u00e4rztinnen f\u00fcr Allgemeinmedizin und Innere Medizin<\/em><\/strong><\/p>\n\n\n\n<div class=\"wp-block-group is-layout-constrained wp-block-group-is-layout-constrained\">\n<div style=\"display: flex; align-items: flex-start; gap: 10px;\">\n  <!-- Icon -->\n  <i class=\"fas fa-map-marker-alt\" style=\"font-size: 20px; color: #333; position: relative; top:5px;\"><\/i>\n  \n  <!-- Text mit Einr\u00fcckung der unteren Zeilen -->\n  <div>\n    D\u00fcrenerstr. 154-158<br>\n    <span style=\"display: block;\">\n      50931 K\u00f6ln<br>\n      2. Obergeschoss (barrierefrei)\n    <\/span>\n  <\/div>\n<\/div>\n\n<!-- Optional: FontAwesome einbinden, falls noch nicht geschehen -->\n<script src=\"https:\/\/kit.fontawesome.com\/a076d05399.js\" crossorigin=\"anonymous\"><\/script>\n\n\n<div style=\"height:400pxpx;\" class=\"wp-block-themeisle-blocks-leaflet-map\" id=\"wp-block-themeisle-blocks-leaflet-map-c348ae70\"><\/div>\n<script type=\"text\/javascript\">\n\t\/* <![CDATA[ *\/\n\t\tif ( ! window.themeisleLeafletMaps ) window.themeisleLeafletMaps =[];\n\t\twindow.themeisleLeafletMaps.push( { container: \"wp-block-themeisle-blocks-leaflet-map-c348ae70\", attributes: {\"id\":\"wp-block-themeisle-blocks-leaflet-map-c348ae70\",\"location\":\"D\\u00fcrener Stra\\u00dfe 154-158\",\"latitude\":\"50.9304394\",\"longitude\":\"6.9160179\",\"bbox\":\"6.912052631378175,50.929088078751775,6.919991970062257,50.931792875894125\",\"zoom\":17,\"markers\":[{\"id\":\"4d5cbd37-4cda-4322-aec0-1dae05391966\",\"latitude\":50.9304394,\"longitude\":6.9160179,\"title\":\"Hausarztpraxis Metz &#038; Balzer\",\"description\":\"<p><strong>Hausarztpraxis Metzt &amp; Balzer<\\\/strong><\\\/p>\",\"location\":\"D\\u00fcrener Stra\\u00dfe 154-158\"},{\"id\":\"6aa69e85-7b69-4f1d-b306-5d6f1fe4ccc9\",\"latitude\":50.9304394,\"longitude\":6.9160179,\"title\":\"Add a title\",\"description\":\"\"}],\"height\":\"400px\",\"zoomControl\":true,\"draggable\":true,\"hasCustomCSS\":false,\"customCSS\":\"\",\"otterConditions\":[]} } );\n\t\/* ]]> *\/\n<\/script>\n<\/div>\n\n\n\n<p><span class=\"wp-rich-text-font-awesome-icon wp-font-awesome-icon\"><svg aria-hidden=\"true\" focusable=\"false\" data-prefix=\"fas\" data-icon=\"phone\" class=\"svg-inline--fa fa-phone \" role=\"img\" xmlns=\"http:\/\/www.w3.org\/2000\/svg\" viewBox=\"0 0 512 512\"><path fill=\"currentColor\" d=\"M164.9 24.6c-7.7-18.6-28-28.5-47.4-23.2l-88 24C12.1 30.2 0 46 0 64C0 311.4 200.6 512 448 512c18 0 33.8-12.1 38.6-29.5l24-88c5.3-19.4-4.6-39.7-23.2-47.4l-96-40c-16.3-6.8-35.2-2.1-46.3 11.6L304.7 368C234.3 334.7 177.3 277.7 144 207.3L193.3 167c13.7-11.2 18.4-30 11.6-46.3l-40-96z\"><\/path><\/svg><\/span> <a href=\"tel:02214061915\">0221 4061915<\/a><\/p>\n\n\n\n<p><span class=\"wp-rich-text-font-awesome-icon wp-font-awesome-icon\"><svg aria-hidden=\"true\" focusable=\"false\" data-prefix=\"fas\" data-icon=\"fax\" class=\"svg-inline--fa fa-fax \" role=\"img\" xmlns=\"http:\/\/www.w3.org\/2000\/svg\" viewBox=\"0 0 512 512\"><path fill=\"currentColor\" d=\"M128 64l0 96 64 0 0-96 194.7 0L416 93.3l0 66.7 64 0 0-66.7c0-17-6.7-33.3-18.7-45.3L432 18.7C420 6.7 403.7 0 386.7 0L192 0c-35.3 0-64 28.7-64 64zM0 160L0 480c0 17.7 14.3 32 32 32l32 0c17.7 0 32-14.3 32-32l0-320c0-17.7-14.3-32-32-32l-32 0c-17.7 0-32 14.3-32 32zm480 32l-352 0 0 288c0 17.7 14.3 32 32 32l320 0c17.7 0 32-14.3 32-32l0-256c0-17.7-14.3-32-32-32zM256 256a32 32 0 1 1 0 64 32 32 0 1 1 0-64zm96 32a32 32 0 1 1 64 0 32 32 0 1 1 -64 0zm32 96a32 32 0 1 1 0 64 32 32 0 1 1 0-64zM224 416a32 32 0 1 1 64 0 32 32 0 1 1 -64 0z\"><\/path><\/svg><\/span> 0221 4069962<\/p>\n\n\n\n<p><\/p>\n\n\n\n<p><strong>Erreichbar mit: <\/strong><br><span class=\"wp-rich-text-font-awesome-icon wp-font-awesome-icon\"><svg aria-hidden=\"true\" focusable=\"false\" data-prefix=\"fas\" data-icon=\"bus\" class=\"svg-inline--fa fa-bus \" role=\"img\" xmlns=\"http:\/\/www.w3.org\/2000\/svg\" viewBox=\"0 0 576 512\"><path fill=\"currentColor\" d=\"M288 0C422.4 0 512 35.2 512 80l0 16 0 32c17.7 0 32 14.3 32 32l0 64c0 17.7-14.3 32-32 32l0 160c0 17.7-14.3 32-32 32l0 32c0 17.7-14.3 32-32 32l-32 0c-17.7 0-32-14.3-32-32l0-32-192 0 0 32c0 17.7-14.3 32-32 32l-32 0c-17.7 0-32-14.3-32-32l0-32c-17.7 0-32-14.3-32-32l0-160c-17.7 0-32-14.3-32-32l0-64c0-17.7 14.3-32 32-32c0 0 0 0 0 0l0-32s0 0 0 0l0-16C64 35.2 153.6 0 288 0zM128 160l0 96c0 17.7 14.3 32 32 32l112 0 0-160-112 0c-17.7 0-32 14.3-32 32zM304 288l112 0c17.7 0 32-14.3 32-32l0-96c0-17.7-14.3-32-32-32l-112 0 0 160zM144 400a32 32 0 1 0 0-64 32 32 0 1 0 0 64zm288 0a32 32 0 1 0 0-64 32 32 0 1 0 0 64zM384 80c0-8.8-7.2-16-16-16L208 64c-8.8 0-16 7.2-16 16s7.2 16 16 16l160 0c8.8 0 16-7.2 16-16z\"><\/path><\/svg><\/span><\/p>\n\n\n\n<ul class=\"wp-block-list\">\n<li>Linie 146 (Geibelstr.)<\/li>\n\n\n\n<li>Linie 136 (Karl-Schwering-Platz)<\/li>\n<\/ul>\n\n\n\n<hr class=\"wp-block-separator has-text-color has-custom-bee-pollen-color has-alpha-channel-opacity has-custom-bee-pollen-background-color has-background is-style-wide\"\/>\n\n\n\n<p><\/p>\n\n\n\n<h2 id=\"wp-block-themeisle-blocks-advanced-heading-ada0470c\" class=\"wp-block-themeisle-blocks-advanced-heading wp-block-themeisle-blocks-advanced-heading-ada0470c\">Kontaktieren Sie uns direkt zur Bestellung von wiederkehrenden \u00dcberweisungen oder Dauerverordnungen<\/h2>\n\n\n<style id=\"wpforms-css-vars-251-block-fe8e9b38-f7e4-4edc-a848-fcca549551e8\">\n\t\t\t\t#wpforms-251.wpforms-block-fe8e9b38-f7e4-4edc-a848-fcca549551e8 {\n\t\t\t\t--wpforms-button-background-color: #edc670;\n--wpforms-field-size-input-height: 43px;\n--wpforms-field-size-input-spacing: 15px;\n--wpforms-field-size-font-size: 16px;\n--wpforms-field-size-line-height: 19px;\n--wpforms-field-size-padding-h: 14px;\n--wpforms-field-size-checkbox-size: 16px;\n--wpforms-field-size-sublabel-spacing: 5px;\n--wpforms-field-size-icon-size: 1;\n--wpforms-label-size-font-size: 16px;\n--wpforms-label-size-line-height: 19px;\n--wpforms-label-size-sublabel-font-size: 14px;\n--wpforms-label-size-sublabel-line-height: 17px;\n--wpforms-button-size-font-size: 17px;\n--wpforms-button-size-height: 41px;\n--wpforms-button-size-padding-h: 15px;\n--wpforms-button-size-margin-top: 10px;\n\t\t\t}\n\t\t\t<\/style><div class=\"wpforms-container wpforms-container-full wpforms-block wpforms-block-fe8e9b38-f7e4-4edc-a848-fcca549551e8 wpforms-render-modern\" id=\"wpforms-251\"><form id=\"wpforms-form-251\" class=\"wpforms-validate wpforms-form wpforms-ajax-form\" data-formid=\"251\" method=\"post\" enctype=\"multipart\/form-data\" action=\"\/wordpress\/wp-json\/wp\/v2\/pages\/18\" data-token=\"f7b35d35dc20da5ea1726c0fda5d8d4b\" data-token-time=\"1778155905\"><noscript class=\"wpforms-error-noscript\">Bitte aktiviere JavaScript in deinem Browser, um dieses Formular fertigzustellen.<\/noscript><div id=\"wpforms-error-noscript\" style=\"display: none;\">Bitte aktiviere JavaScript in deinem Browser, um dieses Formular fertigzustellen.<\/div><div class=\"wpforms-field-container\"><div id=\"wpforms-251-field_1-container\" class=\"wpforms-field wpforms-field-name\" data-field-id=\"1\"><fieldset><legend class=\"wpforms-field-label\">Name <span class=\"wpforms-required-label\" aria-hidden=\"true\">*<\/span><\/legend><div class=\"wpforms-field-row wpforms-field-medium\"><div class=\"wpforms-field-row-block wpforms-first wpforms-one-half\"><input type=\"text\" id=\"wpforms-251-field_1\" class=\"wpforms-field-name-first wpforms-field-required\" name=\"wpforms[fields][1][first]\" aria-errormessage=\"wpforms-251-field_1-error\" aria-describedby=\"wpforms-251-field_1-description\" required><label for=\"wpforms-251-field_1\" class=\"wpforms-field-sublabel after\">Vorname<\/label><\/div><div class=\"wpforms-field-row-block wpforms-one-half\"><input type=\"text\" id=\"wpforms-251-field_1-last\" class=\"wpforms-field-name-last wpforms-field-required\" name=\"wpforms[fields][1][last]\" aria-errormessage=\"wpforms-251-field_1-last-error\" aria-describedby=\"wpforms-251-field_1-description\" required><label for=\"wpforms-251-field_1-last\" class=\"wpforms-field-sublabel after\">Nachname<\/label><\/div><\/div><div id=\"wpforms-251-field_1-description\" class=\"wpforms-field-description\">Tragen Sie hier bitte Ihren vollst\u00e4ndigen Namen ein.<\/div><\/fieldset><\/div><div id=\"wpforms-251-field_7-container\" class=\"wpforms-field wpforms-field-select wpforms-field-select-style-classic\" data-field-id=\"7\"><label class=\"wpforms-field-label\" for=\"wpforms-251-field_7\">Grund der Kontaktaufnahme <span class=\"wpforms-required-label\" aria-hidden=\"true\">*<\/span><\/label><select id=\"wpforms-251-field_7\" class=\"wpforms-field-medium wpforms-field-required\" name=\"wpforms[fields][7]\" required=\"required\"><option value=\"\" class=\"placeholder\" disabled  selected='selected'>&#8212; Auswahl treffen &#8212;<\/option><option value=\"\u00dcberweisung\"  class=\"choice-1 depth-1\"  >\u00dcberweisung<\/option><option value=\"Dauerverordnung\"  class=\"choice-2 depth-1\"  >Dauerverordnung<\/option><option value=\"Sonstiges\"  class=\"choice-3 depth-1\"  >Sonstiges<\/option><\/select><div id=\"wpforms-251-field_7-description\" class=\"wpforms-field-description\">Geben Sie hier bitte den Grund der Kontaktaufnahme an.<\/div><\/div><div id=\"wpforms-251-field_6-container\" class=\"wpforms-field wpforms-field-text\" data-field-id=\"6\"><label class=\"wpforms-field-label\" for=\"wpforms-251-field_6\">Geburtsdatum <span class=\"wpforms-required-label\" aria-hidden=\"true\">*<\/span><\/label><input type=\"text\" id=\"wpforms-251-field_6\" class=\"wpforms-field-medium wpforms-field-required wpforms-masked-input wpforms-limit-characters-enabled\" data-rule-inputmask-incomplete=\"1\" data-inputmask-mask=\"99.99.9999\" data-form-id=\"251\" data-field-id=\"6\" data-text-limit=\"10\" name=\"wpforms[fields][6]\" placeholder=\"Geburtsdatum im Format dd.mm.yyyy\" aria-errormessage=\"wpforms-251-field_6-error\" aria-describedby=\"wpforms-251-field_6-description\" maxlength=\"10\" required><div id=\"wpforms-251-field_6-description\" class=\"wpforms-field-description\">Geben Sie hier Ihr Geburtsdatum an.<\/div><\/div><div id=\"wpforms-251-field_3-container\" class=\"wpforms-field wpforms-field-email\" data-field-id=\"3\"><fieldset><legend class=\"wpforms-field-label\">E-Mail-Adresse <span class=\"wpforms-required-label\" aria-hidden=\"true\">*<\/span><\/legend><div class=\"wpforms-field-row wpforms-field-medium\"><div class=\"wpforms-field-row-block wpforms-one-half wpforms-first\"><input type=\"email\" id=\"wpforms-251-field_3\" class=\"wpforms-field-required wpforms-field-email-primary\" name=\"wpforms[fields][3][primary]\" spellcheck=\"false\" aria-errormessage=\"wpforms-251-field_3-error\" aria-describedby=\"wpforms-251-field_3-description\" required><label for=\"wpforms-251-field_3\" class=\"wpforms-field-sublabel after\">E-Mail-Adresse<\/label><\/div><div class=\"wpforms-field-row-block wpforms-one-half\"><input type=\"email\" id=\"wpforms-251-field_3-secondary\" class=\"wpforms-field-email-secondary wpforms-field-required\" data-rule-confirm=\"#wpforms-251-field_3\" name=\"wpforms[fields][3][secondary]\" spellcheck=\"false\" aria-errormessage=\"wpforms-251-field_3-secondary-error\" aria-describedby=\"wpforms-251-field_3-description\" required><label for=\"wpforms-251-field_3-secondary\" class=\"wpforms-field-sublabel after\">E-Mail best\u00e4tigen<\/label><\/div><\/div><div id=\"wpforms-251-field_3-description\" class=\"wpforms-field-description\">Tragen Sie hier bitte Ihre E-Mail Adresse ein und best\u00e4tigen Sie diese einmal, indem Sie diese noch einmal eintragen. <\/div><\/fieldset><\/div><div id=\"wpforms-251-field_5-container\" class=\"wpforms-field wpforms-field-textarea\" data-field-id=\"5\"><label class=\"wpforms-field-label\" for=\"wpforms-251-field_5\">Begleittext<\/label><textarea id=\"wpforms-251-field_5\" class=\"wpforms-field-medium\" name=\"wpforms[fields][5]\" aria-errormessage=\"wpforms-251-field_5-error\" aria-describedby=\"wpforms-251-field_5-description\" ><\/textarea><div id=\"wpforms-251-field_5-description\" class=\"wpforms-field-description\">Geben Sie hier zus\u00e4tzliche Informationen an<\/div><\/div>\t\t<div id=\"wpforms-251-field_2-container\"\n\t\t\tclass=\"wpforms-field wpforms-field-text\"\n\t\t\tdata-field-type=\"text\"\n\t\t\tdata-field-id=\"2\"\n\t\t\t>\n\t\t\t<label class=\"wpforms-field-label\" for=\"wpforms-251-field_2\" >Name Kontaktaufnahme zur<\/label>\n\t\t\t<input type=\"text\" id=\"wpforms-251-field_2\" class=\"wpforms-field-medium\" name=\"wpforms[fields][2]\" >\n\t\t<\/div>\n\t\t<div id=\"wpforms-251-field_4-container\" class=\"wpforms-field wpforms-field-checkbox\" data-field-id=\"4\"><fieldset><legend class=\"wpforms-field-label\">Zustimmung zur Datenverarbeitung <span class=\"wpforms-required-label\" aria-hidden=\"true\">*<\/span><\/legend><ul id=\"wpforms-251-field_4\" class=\"wpforms-field-required\"><li class=\"choice-1 depth-1\"><input type=\"checkbox\" id=\"wpforms-251-field_4_1\" name=\"wpforms[fields][4][]\" value=\"Ich stimme der Verarbeitung meiner Daten gem\u00e4\u00df Datenschutzerkl\u00e4rung zu.\" aria-errormessage=\"wpforms-251-field_4_1-error\" required ><label class=\"wpforms-field-label-inline\" for=\"wpforms-251-field_4_1\">Ich stimme der Verarbeitung meiner Daten gem\u00e4\u00df Datenschutzerkl\u00e4rung zu.<\/label><\/li><\/ul><\/fieldset><\/div><script>\n\t\t\t\t( function() {\n\t\t\t\t\tconst style = document.createElement( 'style' );\n\t\t\t\t\tstyle.appendChild( document.createTextNode( '#wpforms-251-field_2-container { position: absolute !important; overflow: hidden !important; display: inline !important; height: 1px !important; width: 1px !important; z-index: -1000 !important; padding: 0 !important; } #wpforms-251-field_2-container input { visibility: hidden; } #wpforms-conversational-form-page #wpforms-251-field_2-container label { counter-increment: none; }' ) );\n\t\t\t\t\tdocument.head.appendChild( style );\n\t\t\t\t\tdocument.currentScript?.remove();\n\t\t\t\t} )();\n\t\t\t<\/script><\/div><!-- .wpforms-field-container --><div class=\"wpforms-submit-container\" ><input type=\"hidden\" name=\"wpforms[id]\" value=\"251\"><input type=\"hidden\" name=\"page_title\" value=\"\"><input type=\"hidden\" name=\"page_url\" value=\"https:\/\/allgemeinmedizin-lindenthal.de\/wordpress\/wp-json\/wp\/v2\/pages\/18\"><input type=\"hidden\" name=\"url_referer\" value=\"\"><button type=\"submit\" name=\"wpforms[submit]\" id=\"wpforms-submit-251\" class=\"wpforms-submit\" data-alt-text=\"Wird gesendet\u00a0\u2026\" data-submit-text=\"Absenden\" aria-live=\"assertive\" value=\"wpforms-submit\">Absenden<\/button><img decoding=\"async\" src=\"https:\/\/allgemeinmedizin-lindenthal.de\/wordpress\/wp-content\/plugins\/wpforms-lite\/assets\/images\/submit-spin.svg\" class=\"wpforms-submit-spinner\" style=\"display: none;\" width=\"26\" height=\"26\" alt=\"Wird geladen\"><\/div><\/form><\/div>  <!-- .wpforms-container -->","protected":false},"excerpt":{"rendered":"<p>Hausarztpraxis Metz &amp; BalzerFach\u00e4rztinnen f\u00fcr Allgemeinmedizin und Innere Medizin D\u00fcrenerstr. 154-158 50931 K\u00f6ln 2. Obergeschoss (barrierefrei) 0221 4061915 0221 4069962 Erreichbar mit:<\/p>\n","protected":false},"author":1,"featured_media":0,"parent":0,"menu_order":0,"comment_status":"closed","ping_status":"closed","template":"","meta":{"inline_featured_image":false,"_themeisle_gutenberg_block_has_review":false,"footnotes":""},"class_list":["post-18","page","type-page","status-publish","hentry"],"_links":{"self":[{"href":"https:\/\/allgemeinmedizin-lindenthal.de\/wordpress\/wp-json\/wp\/v2\/pages\/18","targetHints":{"allow":["GET"]}}],"collection":[{"href":"https:\/\/allgemeinmedizin-lindenthal.de\/wordpress\/wp-json\/wp\/v2\/pages"}],"about":[{"href":"https:\/\/allgemeinmedizin-lindenthal.de\/wordpress\/wp-json\/wp\/v2\/types\/page"}],"author":[{"embeddable":true,"href":"https:\/\/allgemeinmedizin-lindenthal.de\/wordpress\/wp-json\/wp\/v2\/users\/1"}],"replies":[{"embeddable":true,"href":"https:\/\/allgemeinmedizin-lindenthal.de\/wordpress\/wp-json\/wp\/v2\/comments?post=18"}],"version-history":[{"count":19,"href":"https:\/\/allgemeinmedizin-lindenthal.de\/wordpress\/wp-json\/wp\/v2\/pages\/18\/revisions"}],"predecessor-version":[{"id":363,"href":"https:\/\/allgemeinmedizin-lindenthal.de\/wordpress\/wp-json\/wp\/v2\/pages\/18\/revisions\/363"}],"wp:attachment":[{"href":"https:\/\/allgemeinmedizin-lindenthal.de\/wordpress\/wp-json\/wp\/v2\/media?parent=18"}],"curies":[{"name":"wp","href":"https:\/\/api.w.org\/{rel}","templated":true}]}}