{"id":164,"date":"2025-06-14T18:57:48","date_gmt":"2025-06-14T16:57:48","guid":{"rendered":"http:\/\/localhost\/wordpress-xampp\/wordpress\/?page_id=164"},"modified":"2025-08-25T22:11:10","modified_gmt":"2025-08-25T20:11:10","slug":"impressum","status":"publish","type":"page","link":"https:\/\/allgemeinmedizin-lindenthal.de\/wordpress\/impressum\/","title":{"rendered":"Impressum"},"content":{"rendered":"\n<hr class=\"wp-block-separator has-text-color has-custom-bee-pollen-color has-alpha-channel-opacity has-custom-bee-pollen-background-color has-background is-style-wide\"\/>\n\n\n\n<p><strong>Verantwortlich f\u00fcr diese Webseite und dessen Inhalte:<\/strong><br>Angaben gem\u00e4\u00df&nbsp;\u00a7 5 Telemediengesetz (TMG)&nbsp;&nbsp;&nbsp;&nbsp;&nbsp;&nbsp;<\/p>\n\n\n\n<p><strong>Hausarztpraxis Metz &amp; Balzer<\/strong><\/p>\n\n\n\n<p>vertr. durch Dr.med. Bettina Metz\/ Dr. med. Susanne Balzer<br>D\u00fcrener Strasse 154-158, 50931 K\u00f6ln<br>Telefon 0221 &#8211; 406 19 15<br>Fax 0221 &#8211; 406 99 62<br>info[at]allgemeinmedizin-lindenthal.de<\/p>\n\n\n\n<p><strong>Zust\u00e4ndige Kammer<\/strong><br><a href=\"https:\/\/www.aekno.de\/\" target=\"_blank\" rel=\"noreferrer noopener\">\u00c4rztekammer Nordrhein<\/a><br>Tersteegenstr. 9<br>40474 D\u00fcsseldorf<br>Tel 0211 \/ 43 02 0<\/p>\n\n\n\n<p><strong>Zust\u00e4ndige Kassen\u00e4rztliche Vereinigung<\/strong><br><a href=\"https:\/\/kvno.de\/\" target=\"_blank\" rel=\"noreferrer noopener\">Kassen\u00e4rztliche Vereinigung Nordrhein<\/a><br>Tersteegenstr. 9<br>40474 D\u00fcsseldorf<br>Tel 0211 \/ 59 70 0<\/p>\n\n\n\n<p><strong>Berufsbezeichnung<\/strong><br>Frau Dr. Metz<\/p>\n\n\n\n<p>Fach\u00e4rztin f\u00fcr Allgemeinmedizin<br>verliehen in Deutschland, Nordrhein-Westfalen<br>Frau Dr. Balzer<\/p>\n\n\n\n<p>Fach\u00e4rztin f\u00fcr Innere Medizin<\/p>\n\n\n\n<p>verliehen in Deutschland, Nordrhein-Westfalen<\/p>\n\n\n\n<p><strong>Berufsordnung<\/strong><br><a href=\"https:\/\/www.aekno.de\/aerzte\/berufsordnung\" target=\"_blank\" rel=\"noreferrer noopener\">Berufsordnung f\u00fcr die \u00c4rzte in Nordrhein<\/a><\/p>\n\n\n\n<p>Die Berufsordnung ist auch erreichbar \u00fcber die Seite der<a href=\"https:\/\/www.aekno.de\/\">&nbsp;<\/a><a href=\"https:\/\/www.aekno.de\/\">\u00c4rztekammer Nordrhein<\/a>&nbsp;und die dort vorhandene Suchfunktion<\/p>\n\n\n\n<p><strong>Heilberufsgesetz<\/strong><br><a href=\"https:\/\/www.aekno.de\/aerzte\/gesetze-verordnungen\/heilberufsgesetz-nrw\" target=\"_blank\" rel=\"noreferrer noopener\">Heilberufsgesetz NRW (HeilBerg)<\/a><br>Das Heilberufsgesetz NRW ist auch erreichbar \u00fcber die Seite der&nbsp;<a href=\"https:\/\/www.aekno.de\/\" target=\"_blank\" rel=\"noreferrer noopener\">\u00c4rztekammer Nordrhein<\/a>&nbsp;und die dort vorhandene Suchfunktion<\/p>\n\n\n\n<p><strong>Haftung und Inhalte<\/strong><\/p>\n\n\n\n<p>Die Inhalte unserer Seiten wurden mit gr\u00f6\u00dfter Sorgfalt erstellt. F\u00fcr die Richtigkeit, Vollst\u00e4ndigkeit und Aktualit\u00e4t der Inhalte k\u00f6nnen wir jedoch keine Gew\u00e4hr \u00fcbernehmen. Als Diensteanbieter sind wir gem\u00e4\u00df \u00a7 7 Abs.1 TMG f\u00fcr eigene Inhalte auf diesen Seiten nach den allgemeinen Gesetzen verantwortlich. Nach \u00a7\u00a7 8 bis 10 TMG sind wir als Diensteanbieter jedoch nicht verpflichtet, \u00fcbermittelte oder gespeicherte fremde Informationen zu \u00fcberwachen oder nach Umst\u00e4nden zu forschen, die auf eine rechtswidrige T\u00e4tigkeit hinweisen. Verpflichtungen zur Entfernung oder Sperrung der Nutzung von Informationen nach den allgemeinen Gesetzen bleiben hiervon unber\u00fchrt. Eine diesbez\u00fcgliche Haftung ist jedoch erst ab dem Zeitpunkt der Kenntnis einer konkreten Rechtsverletzung m\u00f6glich. Bei Bekanntwerden von entsprechenden Rechtsverletzungen werden wir diese Inhalte umgehend entfernen.<\/p>\n\n\n\n<p><strong>Verweise und Links<\/strong><br>Unser Angebot enth\u00e4lt Links zu externen Webseiten Dritter, auf deren Inhalte wir keinen Einfluss haben. Deshalb k\u00f6nnen wir f\u00fcr diese fremden Inhalte auch keine Gew\u00e4hr \u00fcbernehmen. F\u00fcr die Inhalte der verlinkten Seiten ist stets der jeweilige Anbieter oder Betreiber der Seiten verantwortlich. Die verlinkten Seiten wurden zum Zeitpunkt der Verlinkung auf m\u00f6gliche Rechtsverst\u00f6\u00dfe \u00fcberpr\u00fcft. Rechtswidrige Inhalte waren zum Zeitpunkt der Verlinkung nicht erkennbar. Eine permanente inhaltliche Kontrolle der verlinkten Seiten ist jedoch ohne konkrete Anhaltspunkte einer Rechtsverletzung nicht zumutbar. Bei Bekanntwerden von Rechtsverletzungen werden wir derartige Links umgehend entfernen.<\/p>\n\n\n\n<p><br><strong>Rechtswirksamkeit dieses Haftungsauschlusses<\/strong><br>Dieser Haftungsausschluss ist als Teil des Internetangebotes zu betrachten, von dem aus auf diese Seite verwiesen wurde. Sofern Teile oder einzelne Formulierungen dieses Textes der geltenden Rechtslage nicht, nicht mehr oder nicht vollst\u00e4ndig entsprechen sollten, bleiben die \u00fcbrigen Teile des Dokumentes in ihrem Inhalt und ihrer G\u00fcltigkeit davon unber\u00fchrt.<\/p>\n\n\n\n<p><br><br><strong>Photos:<\/strong>&nbsp;Aryan Mirfendereski und Dr. Susanne Balzer<\/p>\n\n\n\n<p><strong>Website und Webdesign:<\/strong>\u00a0Stefan Hassel<\/p>\n\n\n\n<p><strong>Urheberrecht<\/strong><br>Die durch die Seitenbetreiber erstellten Inhalte und Werke auf diesen Seiten unterliegen dem deutschen Urheberrecht. Die Vervielf\u00e4ltigung, Bearbeitung, Verbreitung und jede Art der Verwertung au\u00dferhalb der Grenzen des Urheberrechtes bed\u00fcrfen der schriftlichen Zustimmung des jeweiligen Autors bzw. Erstellers. Downloads und Kopien dieser Seite sind nur f\u00fcr den privaten, nicht kommerziellen Gebrauch gestattet. Soweit die Inhalte auf dieser Seite nicht vom Betreiber erstellt wurden, werden die Urheberrechte Dritter beachtet. Insbesondere werden Inhalte Dritter als solche gekennzeichnet. Sollten Sie trotzdem auf eine Urheberrechtsverletzung aufmerksam werden, bitten wir um einen entsprechenden Hinweis. Bei Bekanntwerden von Rechtsverletzungen werden wir derartige Inhalte umgehend entfernen.<\/p>\n","protected":false},"excerpt":{"rendered":"<p>Verantwortlich f\u00fcr diese Webseite und dessen Inhalte:Angaben gem\u00e4\u00df&nbsp;\u00a7 5 Telemediengesetz (TMG)&nbsp;&nbsp;&nbsp;&nbsp;&nbsp;&nbsp; Hausarztpraxis Metz &amp; Balzer vertr. durch Dr.med. Bettina Metz\/ Dr. med. Susanne BalzerD\u00fcrener Strasse 154-158, 50931 K\u00f6lnTelefon 0221 &#8211; 406 19 15Fax 0221 &#8211; 406 99 62info[at]allgemeinmedizin-lindenthal.de Zust\u00e4ndige Kammer\u00c4rztekammer NordrheinTersteegenstr. 940474 D\u00fcsseldorfTel 0211 \/ 43 02 0 Zust\u00e4ndige Kassen\u00e4rztliche VereinigungKassen\u00e4rztliche Vereinigung NordrheinTersteegenstr. 940474 D\u00fcsseldorfTel [&hellip;]<\/p>\n","protected":false},"author":1,"featured_media":0,"parent":0,"menu_order":0,"comment_status":"closed","ping_status":"closed","template":"","meta":{"inline_featured_image":false,"_themeisle_gutenberg_block_has_review":false,"footnotes":""},"class_list":["post-164","page","type-page","status-publish","hentry"],"_links":{"self":[{"href":"https:\/\/allgemeinmedizin-lindenthal.de\/wordpress\/wp-json\/wp\/v2\/pages\/164","targetHints":{"allow":["GET"]}}],"collection":[{"href":"https:\/\/allgemeinmedizin-lindenthal.de\/wordpress\/wp-json\/wp\/v2\/pages"}],"about":[{"href":"https:\/\/allgemeinmedizin-lindenthal.de\/wordpress\/wp-json\/wp\/v2\/types\/page"}],"author":[{"embeddable":true,"href":"https:\/\/allgemeinmedizin-lindenthal.de\/wordpress\/wp-json\/wp\/v2\/users\/1"}],"replies":[{"embeddable":true,"href":"https:\/\/allgemeinmedizin-lindenthal.de\/wordpress\/wp-json\/wp\/v2\/comments?post=164"}],"version-history":[{"count":1,"href":"https:\/\/allgemeinmedizin-lindenthal.de\/wordpress\/wp-json\/wp\/v2\/pages\/164\/revisions"}],"predecessor-version":[{"id":327,"href":"https:\/\/allgemeinmedizin-lindenthal.de\/wordpress\/wp-json\/wp\/v2\/pages\/164\/revisions\/327"}],"wp:attachment":[{"href":"https:\/\/allgemeinmedizin-lindenthal.de\/wordpress\/wp-json\/wp\/v2\/media?parent=164"}],"curies":[{"name":"wp","href":"https:\/\/api.w.org\/{rel}","templated":true}]}}