{"id":112,"date":"2025-06-10T22:35:20","date_gmt":"2025-06-10T20:35:20","guid":{"rendered":"http:\/\/localhost\/wordpress-xampp\/wordpress\/?page_id=112"},"modified":"2025-10-06T22:06:01","modified_gmt":"2025-10-06T20:06:01","slug":"klima-gesundheit","status":"publish","type":"page","link":"https:\/\/allgemeinmedizin-lindenthal.de\/wordpress\/klima-gesundheit\/","title":{"rendered":"Klima &#038; Gesundheit"},"content":{"rendered":"\n<hr class=\"wp-block-separator has-text-color has-luminous-vivid-amber-color has-alpha-channel-opacity has-luminous-vivid-amber-background-color has-background is-style-wide\"\/>\n\n\n\n<p><strong>Verantwortung, Klimaschutz und Nachhaltigkeit<\/strong><\/p>\n\n\n\n<p>Sehr geehrte Patientinnen und Patienten, &nbsp;<\/p>\n\n\n\n<p>Klimaschutz ist eine Notwendigkeit unserer Zeit und wir m\u00f6chten Sie mitnehmen, mit uns den Weg zu mehr Verantwortung und Nachhaltigkeit gemeinsam zu gehen. Sie werden sehen, dass Gesundheitsf\u00fcrsorge und Klimaschutz eng verwoben sind. &nbsp;<\/p>\n\n\n\n<p>Wir als \u00c4rztinnen und \u00c4rzte haben mit Ihnen gemeinsam eine hohe Verantwortung f\u00fcr Ihre Gesundheit und damit auch f\u00fcr die gesund-erhaltende Umwelt. Dies wird derzeit unter dem Stichwort planetare Gesundheit angef\u00fchrt. &nbsp;<\/p>\n\n\n\n<p>Was dies im allt\u00e4glichen Leben und f\u00fcr uns in der Praxis bedeuten und umgesetzt werden kann, ist im Folgenden skizziert.<\/p>\n\n\n\n<figure class=\"wp-block-image size-large is-style-default ticss-c44fcce6\" style=\"margin-top:var(--wp--preset--spacing--20);margin-right:0;margin-bottom:var(--wp--preset--spacing--20);margin-left:0\"><img fetchpriority=\"high\" decoding=\"async\" width=\"1024\" height=\"825\" src=\"https:\/\/allgemeinmedizin-lindenthal.de\/wordpress\/wp-content\/uploads\/2025\/10\/retten-sie-das-weltokologieumweltschutzpapier-mit-perforiertem-papier-1-1024x825.jpg\" alt=\"\" class=\"wp-image-367\" srcset=\"https:\/\/allgemeinmedizin-lindenthal.de\/wordpress\/wp-content\/uploads\/2025\/10\/retten-sie-das-weltokologieumweltschutzpapier-mit-perforiertem-papier-1-1024x825.jpg 1024w, https:\/\/allgemeinmedizin-lindenthal.de\/wordpress\/wp-content\/uploads\/2025\/10\/retten-sie-das-weltokologieumweltschutzpapier-mit-perforiertem-papier-1-300x242.jpg 300w, https:\/\/allgemeinmedizin-lindenthal.de\/wordpress\/wp-content\/uploads\/2025\/10\/retten-sie-das-weltokologieumweltschutzpapier-mit-perforiertem-papier-1-768x619.jpg 768w, https:\/\/allgemeinmedizin-lindenthal.de\/wordpress\/wp-content\/uploads\/2025\/10\/retten-sie-das-weltokologieumweltschutzpapier-mit-perforiertem-papier-1-1536x1237.jpg 1536w, https:\/\/allgemeinmedizin-lindenthal.de\/wordpress\/wp-content\/uploads\/2025\/10\/retten-sie-das-weltokologieumweltschutzpapier-mit-perforiertem-papier-1.jpg 2000w\" sizes=\"(max-width: 1024px) 100vw, 1024px\" \/><\/figure>\n\n\n\n<p><strong>Energie und Verkehr:<\/strong><\/p>\n\n\n\n<p>\u201eEiner von f\u00fcnf Todesf\u00e4llen weltweit geht laut einer Studie auf die Luftverschmutzung von Kohle, Benzin oder Diesel zur\u00fcck\u201c(1). F\u00fcr Deutschland bedeutet dies \u201ej\u00e4hrlich etwa knapp 200.000 Menschen &#8211; das betreffe 22 Prozent aller Todesf\u00e4lle.\u201c<\/p>\n\n\n\n<p>Wir haben in unserer Praxis unsere Energieversorgung auf einen Anbieter mit rein erneuerbaren Energien umgestellt und bem\u00fchen uns mehrheitlich mit dem Fahrrad oder \u00f6ffentlichen Verkehrsmitteln zur Arbeit oder auf Hausbesuche zu fahren. Vielleicht gibt es bei Ihnen auch die M\u00f6glichkeit den Stromanbieter zu wechseln oder hin und wieder auf motorisierten Verkehr zu verzichten?<\/p>\n\n\n\n<figure class=\"wp-block-image aligncenter size-full\"><img decoding=\"async\" width=\"500\" height=\"500\" src=\"https:\/\/allgemeinmedizin-lindenthal.de\/wordpress\/wp-content\/uploads\/2025\/10\/gesunde-ernaehrung.png\" alt=\"\" class=\"wp-image-368\" srcset=\"https:\/\/allgemeinmedizin-lindenthal.de\/wordpress\/wp-content\/uploads\/2025\/10\/gesunde-ernaehrung.png 500w, https:\/\/allgemeinmedizin-lindenthal.de\/wordpress\/wp-content\/uploads\/2025\/10\/gesunde-ernaehrung-300x300.png 300w, https:\/\/allgemeinmedizin-lindenthal.de\/wordpress\/wp-content\/uploads\/2025\/10\/gesunde-ernaehrung-150x150.png 150w\" sizes=\"(max-width: 500px) 100vw, 500px\" \/><\/figure>\n\n\n\n<p><strong>Ern\u00e4hrung und Gesundheit<\/strong><\/p>\n\n\n\n<p>Mit weniger Fleischkonsum l\u00e4sst sich das Risiko f\u00fcr Herz-Kreislauf-Erkrankungen senken und gleichzeitig klimasch\u00e4dliche Emissionen der Landwirtschaft reduzieren. Studien, welche den Zusammenhang von Ern\u00e4hrung und Gesundheit untersuchen sind relativ st\u00f6ranf\u00e4llig, da es viele Begleitfaktoren gibt. Dennoch zeigt die aktuelle Studienlage, dass eine pflanzenbasierte Ern\u00e4hrung gegen\u00fcber einer fleischhaltigen eindeutig ges\u00fcnder ist. Zwei durch Pflanzeneiwei\u00df (H\u00fclsenfr\u00fcchte, N\u00fcsse, Soja) ersetzte Fleischmahlzeiten pro Woche senkten das Risiko f\u00fcr eine koronare Herzkrankheit um 14-33 %(2).<\/p>\n\n\n\n<p>Das Chatham House, eine f\u00fchrende Denkfabrik aus London, hat einen bemerkenswerten Artikel heraus gebracht, in dem konkretisiert wird, dass die Lebensmittelproduktion (durch Umwandlung von Natur in Landwirtschaft) die f\u00fchrende Ursache f\u00fcr das Artensterben darstellt(3). Da Viehwirtschaft deutlich mehr Ressourcen verbraucht als der Anbau von Nutzpflanzen, stellt der Verzicht auf Fleisch einen wesentlichen Schritt in Richtung Klimaschutz und Gesundheitsschutz dar. Fr\u00fcher war Fleisch etwas Besonderes und es gab z.B. einen Sonntagsbraten. Heute ist der Fleisch- und Wurstkonsum allt\u00e4glich. F\u00fcr den Klimaschutz und f\u00fcr unsere Gesundheit sollten wir diese \u201eWohlstandsern\u00e4hrung\u201c \u00fcberdenken.<\/p>\n\n\n\n<p>Es gibt vielf\u00e4ltige M\u00f6glichketen im Kleinen aktiv zu werden. \u00dcber die Art wie wir einkaufen (Lebensmittel, Kleidung), M\u00fcll verbrauchen, reisen und uns fortbewegen l\u00e4sst sich viel f\u00fcr Mensch und Umwelt im Sinne des Klimaschutzes erreichen. Denn Klimaschutz verbessert die Luftqualit\u00e4t, f\u00fchrt zu mehr k\u00f6rperlicher Bewegung und f\u00f6rdert nachhaltige Ern\u00e4hrungsgewohnheiten und Lebensmittelproduktion und hilft unserer Gesundheit(4).<\/p>\n\n\n\n<p>Artikel f\u00fcr Sie: &nbsp;<\/p>\n\n\n\n<p class=\"has-small-font-size\">(1) https:\/\/www.sueddeutsche.de\/wirtschaft\/brennstoffe-tote-studie-luftverschmutzung-1.5200342<br>(2) https:\/\/www.aerzteblatt.de\/nachrichten\/119045\/Studie-Mit-dem-Verzehr-von-rotem-Fleisch-steigt-das-Herzinfarktrisiko<br>(3) https:\/\/www.chathamhouse.org\/2021\/02\/food-system-impacts-biodiversity-loss\/summary<br>(4) https:\/\/www.klimawandel-gesundheit.de\/klimaschutz-rettet-leben-wissenschaftler-errechnen-dass-in-deutschland-ueber-150-000-fruehzeitige-todesfaelle-pro-jahr-verhindert-werden-koennten\/<\/p>\n","protected":false},"excerpt":{"rendered":"<p>Verantwortung, Klimaschutz und Nachhaltigkeit Sehr geehrte Patientinnen und Patienten, &nbsp; Klimaschutz ist eine Notwendigkeit unserer Zeit und wir m\u00f6chten Sie mitnehmen, mit uns den Weg zu mehr Verantwortung und Nachhaltigkeit gemeinsam zu gehen. Sie werden sehen, dass Gesundheitsf\u00fcrsorge und Klimaschutz eng verwoben sind. &nbsp; Wir als \u00c4rztinnen und \u00c4rzte haben mit Ihnen gemeinsam eine hohe [&hellip;]<\/p>\n","protected":false},"author":1,"featured_media":0,"parent":0,"menu_order":0,"comment_status":"closed","ping_status":"closed","template":"","meta":{"inline_featured_image":false,"_themeisle_gutenberg_block_has_review":false,"footnotes":""},"class_list":["post-112","page","type-page","status-publish","hentry"],"_links":{"self":[{"href":"https:\/\/allgemeinmedizin-lindenthal.de\/wordpress\/wp-json\/wp\/v2\/pages\/112","targetHints":{"allow":["GET"]}}],"collection":[{"href":"https:\/\/allgemeinmedizin-lindenthal.de\/wordpress\/wp-json\/wp\/v2\/pages"}],"about":[{"href":"https:\/\/allgemeinmedizin-lindenthal.de\/wordpress\/wp-json\/wp\/v2\/types\/page"}],"author":[{"embeddable":true,"href":"https:\/\/allgemeinmedizin-lindenthal.de\/wordpress\/wp-json\/wp\/v2\/users\/1"}],"replies":[{"embeddable":true,"href":"https:\/\/allgemeinmedizin-lindenthal.de\/wordpress\/wp-json\/wp\/v2\/comments?post=112"}],"version-history":[{"count":3,"href":"https:\/\/allgemeinmedizin-lindenthal.de\/wordpress\/wp-json\/wp\/v2\/pages\/112\/revisions"}],"predecessor-version":[{"id":371,"href":"https:\/\/allgemeinmedizin-lindenthal.de\/wordpress\/wp-json\/wp\/v2\/pages\/112\/revisions\/371"}],"wp:attachment":[{"href":"https:\/\/allgemeinmedizin-lindenthal.de\/wordpress\/wp-json\/wp\/v2\/media?parent=112"}],"curies":[{"name":"wp","href":"https:\/\/api.w.org\/{rel}","templated":true}]}}